{"id":909,"date":"2023-01-26T16:57:28","date_gmt":"2023-01-26T16:57:28","guid":{"rendered":"https:\/\/mallorcalockers.com\/ueber-uns\/"},"modified":"2023-04-21T07:47:03","modified_gmt":"2023-04-21T07:47:03","slug":"ueber-uns","status":"publish","type":"page","link":"https:\/\/mallorcalockers.com\/de\/ueber-uns\/","title":{"rendered":"\u00dcber uns"},"content":{"rendered":"\t\t<div data-elementor-type=\"wp-page\" data-elementor-id=\"909\" class=\"elementor elementor-909 elementor-37\">\n\t\t\t\t\t\t\t\t\t<section class=\"elementor-section elementor-top-section elementor-element elementor-element-5d862f1 elementor-section-full_width elementor-section-content-middle elementor-section-height-default elementor-section-height-default\" data-id=\"5d862f1\" data-element_type=\"section\">\n\t\t\t\t\t\t<div class=\"elementor-container elementor-column-gap-no\">\n\t\t\t\t\t<div class=\"elementor-column elementor-col-100 elementor-top-column elementor-element elementor-element-697029ed\" data-id=\"697029ed\" data-element_type=\"column\">\n\t\t\t<div class=\"elementor-widget-wrap elementor-element-populated\">\n\t\t\t\t\t\t\t\t<div class=\"elementor-element elementor-element-1743d01 elementor-widget elementor-widget-heading\" data-id=\"1743d01\" data-element_type=\"widget\" data-widget_type=\"heading.default\">\n\t\t\t\t<div class=\"elementor-widget-container\">\n\t\t\t<style>\/*! elementor - v3.12.1 - 02-04-2023 *\/\n.elementor-heading-title{padding:0;margin:0;line-height:1}.elementor-widget-heading .elementor-heading-title[class*=elementor-size-]>a{color:inherit;font-size:inherit;line-height:inherit}.elementor-widget-heading .elementor-heading-title.elementor-size-small{font-size:15px}.elementor-widget-heading .elementor-heading-title.elementor-size-medium{font-size:19px}.elementor-widget-heading .elementor-heading-title.elementor-size-large{font-size:29px}.elementor-widget-heading .elementor-heading-title.elementor-size-xl{font-size:39px}.elementor-widget-heading .elementor-heading-title.elementor-size-xxl{font-size:59px}<\/style><h1 class=\"elementor-heading-title elementor-size-default\">\u00dcber uns<\/h1>\t\t<\/div>\n\t\t\t\t<\/div>\n\t\t\t\t\t<\/div>\n\t\t<\/div>\n\t\t\t\t\t\t\t<\/div>\n\t\t<\/section>\n\t\t\t\t<section class=\"elementor-section elementor-top-section elementor-element elementor-element-4db9502b elementor-section-full_width elementor-reverse-tablet elementor-reverse-mobile elementor-section-height-default elementor-section-height-default\" data-id=\"4db9502b\" data-element_type=\"section\">\n\t\t\t\t\t\t<div class=\"elementor-container elementor-column-gap-no\">\n\t\t\t\t\t<div class=\"elementor-column elementor-col-50 elementor-top-column elementor-element elementor-element-45727679\" data-id=\"45727679\" data-element_type=\"column\">\n\t\t\t<div class=\"elementor-widget-wrap elementor-element-populated\">\n\t\t\t\t\t\t\t\t<div class=\"elementor-element elementor-element-69176259 elementor-widget__width-initial animated-slow elementor-widget-tablet__width-initial elementor-widget-mobile__width-initial elementor-invisible elementor-widget elementor-widget-spacer\" data-id=\"69176259\" data-element_type=\"widget\" data-settings=\"{&quot;motion_fx_motion_fx_scrolling&quot;:&quot;yes&quot;,&quot;motion_fx_translateY_effect&quot;:&quot;yes&quot;,&quot;motion_fx_translateY_affectedRange&quot;:{&quot;unit&quot;:&quot;%&quot;,&quot;size&quot;:&quot;&quot;,&quot;sizes&quot;:{&quot;start&quot;:&quot;50&quot;,&quot;end&quot;:&quot;99&quot;}},&quot;motion_fx_translateY_direction&quot;:&quot;negative&quot;,&quot;_animation&quot;:&quot;fadeInDown&quot;,&quot;motion_fx_translateY_speed&quot;:{&quot;unit&quot;:&quot;px&quot;,&quot;size&quot;:4,&quot;sizes&quot;:[]},&quot;motion_fx_devices&quot;:[&quot;desktop&quot;,&quot;tablet&quot;,&quot;mobile&quot;]}\" data-widget_type=\"spacer.default\">\n\t\t\t\t<div class=\"elementor-widget-container\">\n\t\t\t<style>\/*! elementor - v3.12.1 - 02-04-2023 *\/\n.elementor-column .elementor-spacer-inner{height:var(--spacer-size)}.e-con{--container-widget-width:100%}.e-con-inner>.elementor-widget-spacer,.e-con>.elementor-widget-spacer{width:var(--container-widget-width,var(--spacer-size));--align-self:var(--container-widget-align-self,initial);--flex-shrink:0}.e-con-inner>.elementor-widget-spacer>.elementor-widget-container,.e-con-inner>.elementor-widget-spacer>.elementor-widget-container>.elementor-spacer,.e-con>.elementor-widget-spacer>.elementor-widget-container,.e-con>.elementor-widget-spacer>.elementor-widget-container>.elementor-spacer{height:100%}.e-con-inner>.elementor-widget-spacer>.elementor-widget-container>.elementor-spacer>.elementor-spacer-inner,.e-con>.elementor-widget-spacer>.elementor-widget-container>.elementor-spacer>.elementor-spacer-inner{height:var(--container-widget-height,var(--spacer-size))}<\/style>\t\t<div class=\"elementor-spacer\">\n\t\t\t<div class=\"elementor-spacer-inner\"><\/div>\n\t\t<\/div>\n\t\t\t\t<\/div>\n\t\t\t\t<\/div>\n\t\t\t\t\t<\/div>\n\t\t<\/div>\n\t\t\t\t<div class=\"elementor-column elementor-col-50 elementor-top-column elementor-element elementor-element-518f61ea\" data-id=\"518f61ea\" data-element_type=\"column\">\n\t\t\t<div class=\"elementor-widget-wrap elementor-element-populated\">\n\t\t\t\t\t\t\t\t<div class=\"elementor-element elementor-element-ed743df elementor-widget elementor-widget-text-editor\" data-id=\"ed743df\" data-element_type=\"widget\" data-widget_type=\"text-editor.default\">\n\t\t\t\t<div class=\"elementor-widget-container\">\n\t\t\t<style>\/*! elementor - v3.12.1 - 02-04-2023 *\/\n.elementor-widget-text-editor.elementor-drop-cap-view-stacked .elementor-drop-cap{background-color:#69727d;color:#fff}.elementor-widget-text-editor.elementor-drop-cap-view-framed .elementor-drop-cap{color:#69727d;border:3px solid;background-color:transparent}.elementor-widget-text-editor:not(.elementor-drop-cap-view-default) .elementor-drop-cap{margin-top:8px}.elementor-widget-text-editor:not(.elementor-drop-cap-view-default) .elementor-drop-cap-letter{width:1em;height:1em}.elementor-widget-text-editor .elementor-drop-cap{float:left;text-align:center;line-height:1;font-size:50px}.elementor-widget-text-editor .elementor-drop-cap-letter{display:inline-block}<\/style>\t\t\t\t<p>Unser Ziel ist es, Ihnen einen qualitativ hochwertigen Service zu bieten, damit Sie Ihre Koffer, Ihr Gep\u00e4ck oder was auch immer Sie wollen, sicher und bequem unterbringen k\u00f6nnen.<\/p>\n<p>Wir von Mallorca Lockers k\u00fcmmern uns gerne um alle Details, denn wie Sie reisen auch wir gerne und bewahren unser Gep\u00e4ck an einem sicheren Ort auf.<\/p>\n\t\t\t\t\t\t<\/div>\n\t\t\t\t<\/div>\n\t\t\t\t\t<\/div>\n\t\t<\/div>\n\t\t\t\t\t\t\t<\/div>\n\t\t<\/section>\n\t\t\t\t<section class=\"elementor-section elementor-top-section elementor-element elementor-element-14823f57 elementor-section-full_width elementor-section-height-default elementor-section-height-default\" data-id=\"14823f57\" data-element_type=\"section\" data-settings=\"{&quot;background_background&quot;:&quot;classic&quot;}\">\n\t\t\t\t\t\t<div class=\"elementor-container elementor-column-gap-no\">\n\t\t\t\t\t<div class=\"elementor-column elementor-col-100 elementor-top-column elementor-element elementor-element-566bcc87\" data-id=\"566bcc87\" data-element_type=\"column\">\n\t\t\t<div class=\"elementor-widget-wrap elementor-element-populated\">\n\t\t\t\t\t\t\t\t<div class=\"elementor-element elementor-element-70ef870c elementor-widget elementor-widget-heading\" data-id=\"70ef870c\" data-element_type=\"widget\" data-widget_type=\"heading.default\">\n\t\t\t\t<div class=\"elementor-widget-container\">\n\t\t\t<h2 class=\"elementor-heading-title elementor-size-default\">Unser Team<\/h2>\t\t<\/div>\n\t\t\t\t<\/div>\n\t\t\t\t<div class=\"elementor-element elementor-element-3ed382e8 elementor-widget elementor-widget-heading\" data-id=\"3ed382e8\" data-element_type=\"widget\" data-widget_type=\"heading.default\">\n\t\t\t\t<div class=\"elementor-widget-container\">\n\t\t\t<h5 class=\"elementor-heading-title elementor-size-default\">Wir sind f\u00fcr Sie da<\/h5>\t\t<\/div>\n\t\t\t\t<\/div>\n\t\t\t\t<section class=\"elementor-section elementor-inner-section elementor-element elementor-element-5df024b3 elementor-section-boxed elementor-section-height-default elementor-section-height-default\" data-id=\"5df024b3\" data-element_type=\"section\">\n\t\t\t\t\t\t<div class=\"elementor-container elementor-column-gap-wider\">\n\t\t\t\t\t<div class=\"elementor-column elementor-col-33 elementor-inner-column elementor-element elementor-element-4f5706c7\" data-id=\"4f5706c7\" data-element_type=\"column\">\n\t\t\t<div class=\"elementor-widget-wrap elementor-element-populated\">\n\t\t\t\t\t\t\t\t<div class=\"elementor-element elementor-element-7f77ffc9 elementor-position-top elementor-vertical-align-top elementor-widget elementor-widget-image-box\" data-id=\"7f77ffc9\" data-element_type=\"widget\" data-widget_type=\"image-box.default\">\n\t\t\t\t<div class=\"elementor-widget-container\">\n\t\t\t<style>\/*! elementor - v3.12.1 - 02-04-2023 *\/\n.elementor-widget-image-box .elementor-image-box-content{width:100%}@media (min-width:768px){.elementor-widget-image-box.elementor-position-left .elementor-image-box-wrapper,.elementor-widget-image-box.elementor-position-right .elementor-image-box-wrapper{display:flex}.elementor-widget-image-box.elementor-position-right .elementor-image-box-wrapper{text-align:right;flex-direction:row-reverse}.elementor-widget-image-box.elementor-position-left .elementor-image-box-wrapper{text-align:left;flex-direction:row}.elementor-widget-image-box.elementor-position-top .elementor-image-box-img{margin:auto}.elementor-widget-image-box.elementor-vertical-align-top .elementor-image-box-wrapper{align-items:flex-start}.elementor-widget-image-box.elementor-vertical-align-middle .elementor-image-box-wrapper{align-items:center}.elementor-widget-image-box.elementor-vertical-align-bottom .elementor-image-box-wrapper{align-items:flex-end}}@media (max-width:767px){.elementor-widget-image-box .elementor-image-box-img{margin-left:auto!important;margin-right:auto!important;margin-bottom:15px}}.elementor-widget-image-box .elementor-image-box-img{display:inline-block}.elementor-widget-image-box .elementor-image-box-title a{color:inherit}.elementor-widget-image-box .elementor-image-box-wrapper{text-align:center}.elementor-widget-image-box .elementor-image-box-description{margin:0}<\/style><div class=\"elementor-image-box-wrapper\"><figure class=\"elementor-image-box-img\"><img decoding=\"async\" width=\"200\" height=\"300\" src=\"https:\/\/mallorcalockers.com\/wp-content\/uploads\/2023\/02\/pexels-andrea-piacquadio-774909-200x300.jpg\" class=\"attachment-medium size-medium wp-image-761\" alt=\"\" srcset=\"https:\/\/mallorcalockers.com\/wp-content\/uploads\/2023\/02\/pexels-andrea-piacquadio-774909-200x300.jpg 200w, https:\/\/mallorcalockers.com\/wp-content\/uploads\/2023\/02\/pexels-andrea-piacquadio-774909-683x1024.jpg 683w, https:\/\/mallorcalockers.com\/wp-content\/uploads\/2023\/02\/pexels-andrea-piacquadio-774909-768x1152.jpg 768w, https:\/\/mallorcalockers.com\/wp-content\/uploads\/2023\/02\/pexels-andrea-piacquadio-774909-1024x1536.jpg 1024w, https:\/\/mallorcalockers.com\/wp-content\/uploads\/2023\/02\/pexels-andrea-piacquadio-774909-1365x2048.jpg 1365w, https:\/\/mallorcalockers.com\/wp-content\/uploads\/2023\/02\/pexels-andrea-piacquadio-774909-scaled.jpg 1707w\" sizes=\"(max-width: 200px) 100vw, 200px\" \/><\/figure><div class=\"elementor-image-box-content\"><h5 class=\"elementor-image-box-title\">Paula Coll<\/h5><p class=\"elementor-image-box-description\">Unerm\u00fcdlicher Reisender. Ich m\u00f6chte mein Gep\u00e4ck an einem sicheren Ort aufbewahren, deshalb habe ich mallorquinische Schlie\u00dff\u00e4cher eingerichtet.<\/p><\/div><\/div>\t\t<\/div>\n\t\t\t\t<\/div>\n\t\t\t\t\t<\/div>\n\t\t<\/div>\n\t\t\t\t<div class=\"elementor-column elementor-col-33 elementor-inner-column elementor-element elementor-element-5c51e15e\" data-id=\"5c51e15e\" data-element_type=\"column\">\n\t\t\t<div class=\"elementor-widget-wrap elementor-element-populated\">\n\t\t\t\t\t\t\t\t<div class=\"elementor-element elementor-element-4bceca11 elementor-position-top elementor-vertical-align-top elementor-widget elementor-widget-image-box\" data-id=\"4bceca11\" data-element_type=\"widget\" data-widget_type=\"image-box.default\">\n\t\t\t\t<div class=\"elementor-widget-container\">\n\t\t\t<div class=\"elementor-image-box-wrapper\"><figure class=\"elementor-image-box-img\"><img decoding=\"async\" width=\"200\" height=\"300\" src=\"https:\/\/mallorcalockers.com\/wp-content\/uploads\/2023\/02\/pexels-pixabay-220453-200x300.jpg\" class=\"attachment-medium size-medium wp-image-764\" alt=\"\" srcset=\"https:\/\/mallorcalockers.com\/wp-content\/uploads\/2023\/02\/pexels-pixabay-220453-200x300.jpg 200w, https:\/\/mallorcalockers.com\/wp-content\/uploads\/2023\/02\/pexels-pixabay-220453-683x1024.jpg 683w, https:\/\/mallorcalockers.com\/wp-content\/uploads\/2023\/02\/pexels-pixabay-220453-768x1152.jpg 768w, https:\/\/mallorcalockers.com\/wp-content\/uploads\/2023\/02\/pexels-pixabay-220453-1024x1536.jpg 1024w, https:\/\/mallorcalockers.com\/wp-content\/uploads\/2023\/02\/pexels-pixabay-220453-1365x2048.jpg 1365w, https:\/\/mallorcalockers.com\/wp-content\/uploads\/2023\/02\/pexels-pixabay-220453-scaled.jpg 1707w\" sizes=\"(max-width: 200px) 100vw, 200px\" \/><\/figure><div class=\"elementor-image-box-content\"><h5 class=\"elementor-image-box-title\">Miquel Mir<\/h5><p class=\"elementor-image-box-description\">Enthusiast von tropischen Standorten. Ich liebe es, neue Orte und sch\u00f6ne Menschen kennenzulernen<\/p><\/div><\/div>\t\t<\/div>\n\t\t\t\t<\/div>\n\t\t\t\t\t<\/div>\n\t\t<\/div>\n\t\t\t\t<div class=\"elementor-column elementor-col-33 elementor-inner-column elementor-element elementor-element-7835daa1\" data-id=\"7835daa1\" data-element_type=\"column\">\n\t\t\t<div class=\"elementor-widget-wrap elementor-element-populated\">\n\t\t\t\t\t\t\t\t<div class=\"elementor-element elementor-element-49303d9c elementor-position-top elementor-vertical-align-top elementor-widget elementor-widget-image-box\" data-id=\"49303d9c\" data-element_type=\"widget\" data-widget_type=\"image-box.default\">\n\t\t\t\t<div class=\"elementor-widget-container\">\n\t\t\t<div class=\"elementor-image-box-wrapper\"><figure class=\"elementor-image-box-img\"><img decoding=\"async\" width=\"224\" height=\"300\" src=\"https:\/\/mallorcalockers.com\/wp-content\/uploads\/2023\/02\/WhatsApp-Image-2021-09-01-at-02.18.00-2-224x300.webp\" class=\"attachment-medium size-medium wp-image-767\" alt=\"\" srcset=\"https:\/\/mallorcalockers.com\/wp-content\/uploads\/2023\/02\/WhatsApp-Image-2021-09-01-at-02.18.00-2-224x300.webp 224w, https:\/\/mallorcalockers.com\/wp-content\/uploads\/2023\/02\/WhatsApp-Image-2021-09-01-at-02.18.00-2-764x1024.webp 764w, https:\/\/mallorcalockers.com\/wp-content\/uploads\/2023\/02\/WhatsApp-Image-2021-09-01-at-02.18.00-2-768x1029.webp 768w, https:\/\/mallorcalockers.com\/wp-content\/uploads\/2023\/02\/WhatsApp-Image-2021-09-01-at-02.18.00-2.webp 1080w\" sizes=\"(max-width: 224px) 100vw, 224px\" \/><\/figure><div class=\"elementor-image-box-content\"><h5 class=\"elementor-image-box-title\">Nil<\/h5><p class=\"elementor-image-box-description\">Ich reise gerne mit Paula und Miquel. Ich k\u00fcmmere mich um Mallorca Lockers<\/p><\/div><\/div>\t\t<\/div>\n\t\t\t\t<\/div>\n\t\t\t\t\t<\/div>\n\t\t<\/div>\n\t\t\t\t\t\t\t<\/div>\n\t\t<\/section>\n\t\t\t\t\t<\/div>\n\t\t<\/div>\n\t\t\t\t\t\t\t<\/div>\n\t\t<\/section>\n\t\t\t\t\t\t\t<\/div>\n\t\t","protected":false},"excerpt":{"rendered":"<p>\u00dcber uns Unser Ziel ist es, Ihnen einen qualitativ hochwertigen Service zu bieten, damit Sie Ihre Koffer, Ihr Gep\u00e4ck oder was auch immer Sie wollen, sicher und bequem unterbringen k\u00f6nnen. Wir von Mallorca Lockers k\u00fcmmern uns gerne um alle Details, denn wie Sie reisen auch wir gerne und bewahren unser Gep\u00e4ck an einem sicheren Ort [&hellip;]<\/p>\n","protected":false},"author":1,"featured_media":0,"parent":0,"menu_order":0,"comment_status":"closed","ping_status":"closed","template":"elementor_header_footer","meta":{"footnotes":""},"class_list":["post-909","page","type-page","status-publish","hentry"],"_links":{"self":[{"href":"https:\/\/mallorcalockers.com\/de\/wp-json\/wp\/v2\/pages\/909","targetHints":{"allow":["GET"]}}],"collection":[{"href":"https:\/\/mallorcalockers.com\/de\/wp-json\/wp\/v2\/pages"}],"about":[{"href":"https:\/\/mallorcalockers.com\/de\/wp-json\/wp\/v2\/types\/page"}],"author":[{"embeddable":true,"href":"https:\/\/mallorcalockers.com\/de\/wp-json\/wp\/v2\/users\/1"}],"replies":[{"embeddable":true,"href":"https:\/\/mallorcalockers.com\/de\/wp-json\/wp\/v2\/comments?post=909"}],"version-history":[{"count":0,"href":"https:\/\/mallorcalockers.com\/de\/wp-json\/wp\/v2\/pages\/909\/revisions"}],"wp:attachment":[{"href":"https:\/\/mallorcalockers.com\/de\/wp-json\/wp\/v2\/media?parent=909"}],"curies":[{"name":"wp","href":"https:\/\/api.w.org\/{rel}","templated":true}]}}